{"id":253,"date":"2023-01-04T21:01:51","date_gmt":"2023-01-04T21:01:51","guid":{"rendered":"https:\/\/blueoceantaxconsulting.com\/?page_id=253"},"modified":"2023-01-10T13:59:50","modified_gmt":"2023-01-10T13:59:50","slug":"planificacion-fiscal","status":"publish","type":"page","link":"https:\/\/blueoceantaxconsulting.com\/en\/tax-planning\/","title":{"rendered":"Tax Planning"},"content":{"rendered":"<div data-elementor-type=\"wp-page\" data-elementor-id=\"253\" class=\"elementor elementor-253\" data-elementor-post-type=\"page\">\n\t\t\t\t\t\t<section class=\"elementor-section elementor-top-section elementor-element elementor-element-4bd292ec elementor-section-full_width elementor-section-height-min-height elementor-section-height-default elementor-section-items-middle\" data-id=\"4bd292ec\" data-element_type=\"section\" data-settings=\"{&quot;background_background&quot;:&quot;classic&quot;,&quot;background_motion_fx_motion_fx_scrolling&quot;:&quot;yes&quot;,&quot;background_motion_fx_translateY_effect&quot;:&quot;yes&quot;,&quot;background_motion_fx_translateY_speed&quot;:{&quot;unit&quot;:&quot;px&quot;,&quot;size&quot;:3,&quot;sizes&quot;:[]},&quot;background_motion_fx_translateY_affectedRange&quot;:{&quot;unit&quot;:&quot;%&quot;,&quot;size&quot;:&quot;&quot;,&quot;sizes&quot;:{&quot;start&quot;:0,&quot;end&quot;:100}},&quot;background_motion_fx_devices&quot;:[&quot;desktop&quot;,&quot;laptop&quot;,&quot;tablet&quot;,&quot;mobile&quot;]}\">\n\t\t\t\t\t\t\t<div class=\"elementor-background-overlay\"><\/div>\n\t\t\t\t\t\t\t<div class=\"elementor-container elementor-column-gap-default\">\n\t\t\t\t\t<div class=\"elementor-column elementor-col-100 elementor-top-column elementor-element elementor-element-782b09bf\" data-id=\"782b09bf\" data-element_type=\"column\">\n\t\t\t<div class=\"elementor-widget-wrap elementor-element-populated\">\n\t\t\t\t\t\t<section class=\"elementor-section elementor-inner-section elementor-element elementor-element-5e0f84d7 elementor-section-height-min-height elementor-section-content-middle elementor-section-boxed elementor-section-height-default\" data-id=\"5e0f84d7\" data-element_type=\"section\">\n\t\t\t\t\t\t<div class=\"elementor-container elementor-column-gap-no\">\n\t\t\t\t\t<div class=\"elementor-column elementor-col-100 elementor-inner-column elementor-element elementor-element-486d1fc3\" data-id=\"486d1fc3\" data-element_type=\"column\">\n\t\t\t<div class=\"elementor-widget-wrap elementor-element-populated\">\n\t\t\t\t\t\t<div class=\"elementor-element elementor-element-6a2b9d38 elementor-widget elementor-widget-heading\" data-id=\"6a2b9d38\" data-element_type=\"widget\" data-widget_type=\"heading.default\">\n\t\t\t\t<div class=\"elementor-widget-container\">\n\t\t\t\t\t<h1 class=\"elementor-heading-title elementor-size-default\">Tax Planning <\/h1>\t\t\t\t<\/div>\n\t\t\t\t<\/div>\n\t\t\t\t\t<\/div>\n\t\t<\/div>\n\t\t\t\t\t<\/div>\n\t\t<\/section>\n\t\t\t\t\t<\/div>\n\t\t<\/div>\n\t\t\t\t\t<\/div>\n\t\t<\/section>\n\t\t\t\t<section class=\"elementor-section elementor-top-section elementor-element elementor-element-231df4ed elementor-section-boxed elementor-section-height-default elementor-section-height-default\" data-id=\"231df4ed\" data-element_type=\"section\" data-settings=\"{&quot;background_background&quot;:&quot;classic&quot;}\">\n\t\t\t\t\t\t<div class=\"elementor-container elementor-column-gap-no\">\n\t\t\t\t\t<div class=\"elementor-column elementor-col-100 elementor-top-column elementor-element elementor-element-645dec76\" data-id=\"645dec76\" data-element_type=\"column\">\n\t\t\t<div class=\"elementor-widget-wrap elementor-element-populated\">\n\t\t\t\t\t\t<section class=\"elementor-section elementor-inner-section elementor-element elementor-element-3027a39b elementor-section-boxed elementor-section-height-default elementor-section-height-default\" data-id=\"3027a39b\" data-element_type=\"section\">\n\t\t\t\t\t\t<div class=\"elementor-container elementor-column-gap-no\">\n\t\t\t\t\t<div class=\"elementor-column elementor-col-100 elementor-inner-column elementor-element elementor-element-5ee05881\" data-id=\"5ee05881\" data-element_type=\"column\">\n\t\t\t<div class=\"elementor-widget-wrap elementor-element-populated\">\n\t\t\t\t\t\t<div class=\"elementor-element elementor-element-6e65c732 elementor-widget elementor-widget-image\" data-id=\"6e65c732\" data-element_type=\"widget\" data-widget_type=\"image.default\">\n\t\t\t\t<div class=\"elementor-widget-container\">\n\t\t\t\t\t\t\t\t\t\t\t\t\t\t\t<img fetchpriority=\"high\" decoding=\"async\" width=\"2200\" height=\"965\" src=\"https:\/\/blueoceantaxconsulting.com\/wp-content\/uploads\/2023\/01\/012.jpg\" class=\"attachment-full size-full wp-image-804\" alt=\"\" srcset=\"https:\/\/blueoceantaxconsulting.com\/wp-content\/uploads\/2023\/01\/012.jpg 2200w, https:\/\/blueoceantaxconsulting.com\/wp-content\/uploads\/2023\/01\/012-300x132.jpg 300w, https:\/\/blueoceantaxconsulting.com\/wp-content\/uploads\/2023\/01\/012-1024x449.jpg 1024w, https:\/\/blueoceantaxconsulting.com\/wp-content\/uploads\/2023\/01\/012-768x337.jpg 768w, https:\/\/blueoceantaxconsulting.com\/wp-content\/uploads\/2023\/01\/012-1536x674.jpg 1536w, https:\/\/blueoceantaxconsulting.com\/wp-content\/uploads\/2023\/01\/012-2048x898.jpg 2048w, https:\/\/blueoceantaxconsulting.com\/wp-content\/uploads\/2023\/01\/012-18x8.jpg 18w\" sizes=\"(max-width: 2200px) 100vw, 2200px\" \/>\t\t\t\t\t\t\t\t\t\t\t\t\t\t\t<\/div>\n\t\t\t\t<\/div>\n\t\t\t\t\t<\/div>\n\t\t<\/div>\n\t\t\t\t\t<\/div>\n\t\t<\/section>\n\t\t\t\t<section class=\"elementor-section elementor-inner-section elementor-element elementor-element-4711b6 elementor-section-boxed elementor-section-height-default elementor-section-height-default\" data-id=\"4711b6\" data-element_type=\"section\">\n\t\t\t\t\t\t<div class=\"elementor-container elementor-column-gap-no\">\n\t\t\t\t\t<div class=\"elementor-column elementor-col-100 elementor-inner-column elementor-element elementor-element-e1724fc\" data-id=\"e1724fc\" data-element_type=\"column\">\n\t\t\t<div class=\"elementor-widget-wrap elementor-element-populated\">\n\t\t\t\t\t\t<div class=\"elementor-element elementor-element-6ac02f81 elementor-widget elementor-widget-text-editor\" data-id=\"6ac02f81\" data-element_type=\"widget\" data-widget_type=\"text-editor.default\">\n\t\t\t\t<div class=\"elementor-widget-container\">\n\t\t\t\t\t\t\t\t\t<p>Blue Ocean has a group of professionals in national and international tax matters, our specialty is to advise businessmen in the practice of tax strategies.<\/p><p>Some of the strategies include:<\/p><ul><li>Tax risk mitigation<\/li><\/ul><p>A good strategy will help you find a structure that will allow you to significantly improve the tax situation of your business:<\/p><ul><li>Adequate risk weighting<\/li><li>Legal limits<\/li><li>Corporate tax savings<\/li><li>Tax contingencies<\/li><\/ul><p><br \/>Each strategy is different, however, it employs fiscal and legal figures according to national and international regulations.<\/p><p>The new tax approach is based on planning and compliance with new tax trends.<\/p>\t\t\t\t\t\t\t\t<\/div>\n\t\t\t\t<\/div>\n\t\t\t\t<div class=\"elementor-element elementor-element-6d00118 elementor-widget elementor-widget-button\" data-id=\"6d00118\" data-element_type=\"widget\" data-widget_type=\"button.default\">\n\t\t\t\t<div class=\"elementor-widget-container\">\n\t\t\t\t\t\t\t\t\t<div class=\"elementor-button-wrapper\">\n\t\t\t\t\t<a class=\"elementor-button elementor-button-link elementor-size-sm elementor-animation-grow\" href=\"https:\/\/blueoceantaxconsulting.com\/en\/contact\/\">\n\t\t\t\t\t\t<span class=\"elementor-button-content-wrapper\">\n\t\t\t\t\t\t\t\t\t<span class=\"elementor-button-text\">Request a consultation <\/span>\n\t\t\t\t\t<\/span>\n\t\t\t\t\t<\/a>\n\t\t\t\t<\/div>\n\t\t\t\t\t\t\t\t<\/div>\n\t\t\t\t<\/div>\n\t\t\t\t\t<\/div>\n\t\t<\/div>\n\t\t\t\t\t<\/div>\n\t\t<\/section>\n\t\t\t\t\t<\/div>\n\t\t<\/div>\n\t\t\t\t\t<\/div>\n\t\t<\/section>\n\t\t\t\t<\/div>","protected":false},"excerpt":{"rendered":"<p>Planificaci\u00f3n Fiscal Blue Ocean cuenta con un grupo de profesionales en temas fiscales tanto nacionales como internacionales, nuestra especialidad es asesorar a los empresarios en la pr\u00e1ctica de estrategias tributarias. Dentro de algunas estrategias podemos mencionar: Mitigaci\u00f3n de riesgos tributarios Una buena estrategia le ayudar\u00e1 a encontrar una estructura que le permita una mejora significativa&#8230;<\/p>","protected":false},"author":3,"featured_media":0,"parent":0,"menu_order":0,"comment_status":"closed","ping_status":"closed","template":"elementor_header_footer","meta":{"footnotes":""},"class_list":["post-253","page","type-page","status-publish","hentry"],"_links":{"self":[{"href":"https:\/\/blueoceantaxconsulting.com\/en\/wp-json\/wp\/v2\/pages\/253","targetHints":{"allow":["GET"]}}],"collection":[{"href":"https:\/\/blueoceantaxconsulting.com\/en\/wp-json\/wp\/v2\/pages"}],"about":[{"href":"https:\/\/blueoceantaxconsulting.com\/en\/wp-json\/wp\/v2\/types\/page"}],"author":[{"embeddable":true,"href":"https:\/\/blueoceantaxconsulting.com\/en\/wp-json\/wp\/v2\/users\/3"}],"replies":[{"embeddable":true,"href":"https:\/\/blueoceantaxconsulting.com\/en\/wp-json\/wp\/v2\/comments?post=253"}],"version-history":[{"count":25,"href":"https:\/\/blueoceantaxconsulting.com\/en\/wp-json\/wp\/v2\/pages\/253\/revisions"}],"predecessor-version":[{"id":957,"href":"https:\/\/blueoceantaxconsulting.com\/en\/wp-json\/wp\/v2\/pages\/253\/revisions\/957"}],"wp:attachment":[{"href":"https:\/\/blueoceantaxconsulting.com\/en\/wp-json\/wp\/v2\/media?parent=253"}],"curies":[{"name":"wp","href":"https:\/\/api.w.org\/{rel}","templated":true}]}}