{"id":220,"date":"2023-01-04T20:55:57","date_gmt":"2023-01-04T20:55:57","guid":{"rendered":"https:\/\/blueoceantaxconsulting.com\/?page_id=220"},"modified":"2023-01-10T14:00:36","modified_gmt":"2023-01-10T14:00:36","slug":"asesoria-financiera","status":"publish","type":"page","link":"https:\/\/blueoceantaxconsulting.com\/en\/financial-advisory\/","title":{"rendered":"Financial Advisory"},"content":{"rendered":"<div data-elementor-type=\"wp-page\" data-elementor-id=\"220\" class=\"elementor elementor-220\" data-elementor-post-type=\"page\">\n\t\t\t\t\t\t<section class=\"elementor-section elementor-top-section elementor-element elementor-element-4bd292ec elementor-section-full_width elementor-section-height-min-height elementor-section-height-default elementor-section-items-middle\" data-id=\"4bd292ec\" data-element_type=\"section\" data-settings=\"{&quot;background_background&quot;:&quot;classic&quot;,&quot;background_motion_fx_motion_fx_scrolling&quot;:&quot;yes&quot;,&quot;background_motion_fx_translateY_effect&quot;:&quot;yes&quot;,&quot;background_motion_fx_translateY_speed&quot;:{&quot;unit&quot;:&quot;px&quot;,&quot;size&quot;:3,&quot;sizes&quot;:[]},&quot;background_motion_fx_translateY_affectedRange&quot;:{&quot;unit&quot;:&quot;%&quot;,&quot;size&quot;:&quot;&quot;,&quot;sizes&quot;:{&quot;start&quot;:0,&quot;end&quot;:100}},&quot;background_motion_fx_devices&quot;:[&quot;desktop&quot;,&quot;laptop&quot;,&quot;tablet&quot;,&quot;mobile&quot;]}\">\n\t\t\t\t\t\t\t<div class=\"elementor-background-overlay\"><\/div>\n\t\t\t\t\t\t\t<div class=\"elementor-container elementor-column-gap-default\">\n\t\t\t\t\t<div class=\"elementor-column elementor-col-100 elementor-top-column elementor-element elementor-element-782b09bf\" data-id=\"782b09bf\" data-element_type=\"column\">\n\t\t\t<div class=\"elementor-widget-wrap elementor-element-populated\">\n\t\t\t\t\t\t<section class=\"elementor-section elementor-inner-section elementor-element elementor-element-5e0f84d7 elementor-section-height-min-height elementor-section-content-middle elementor-section-boxed elementor-section-height-default\" data-id=\"5e0f84d7\" data-element_type=\"section\">\n\t\t\t\t\t\t<div class=\"elementor-container elementor-column-gap-no\">\n\t\t\t\t\t<div class=\"elementor-column elementor-col-100 elementor-inner-column elementor-element elementor-element-486d1fc3\" data-id=\"486d1fc3\" data-element_type=\"column\">\n\t\t\t<div class=\"elementor-widget-wrap elementor-element-populated\">\n\t\t\t\t\t\t<div class=\"elementor-element elementor-element-6a2b9d38 elementor-widget elementor-widget-heading\" data-id=\"6a2b9d38\" data-element_type=\"widget\" data-widget_type=\"heading.default\">\n\t\t\t\t<div class=\"elementor-widget-container\">\n\t\t\t\t\t<h1 class=\"elementor-heading-title elementor-size-default\">Financial Advisory<\/h1>\t\t\t\t<\/div>\n\t\t\t\t<\/div>\n\t\t\t\t\t<\/div>\n\t\t<\/div>\n\t\t\t\t\t<\/div>\n\t\t<\/section>\n\t\t\t\t\t<\/div>\n\t\t<\/div>\n\t\t\t\t\t<\/div>\n\t\t<\/section>\n\t\t\t\t<section class=\"elementor-section elementor-top-section elementor-element elementor-element-231df4ed elementor-section-boxed elementor-section-height-default elementor-section-height-default\" data-id=\"231df4ed\" data-element_type=\"section\" data-settings=\"{&quot;background_background&quot;:&quot;classic&quot;}\">\n\t\t\t\t\t\t<div class=\"elementor-container elementor-column-gap-no\">\n\t\t\t\t\t<div class=\"elementor-column elementor-col-100 elementor-top-column elementor-element elementor-element-645dec76\" data-id=\"645dec76\" data-element_type=\"column\">\n\t\t\t<div class=\"elementor-widget-wrap elementor-element-populated\">\n\t\t\t\t\t\t<section class=\"elementor-section elementor-inner-section elementor-element elementor-element-3027a39b elementor-section-boxed elementor-section-height-default elementor-section-height-default\" data-id=\"3027a39b\" data-element_type=\"section\">\n\t\t\t\t\t\t<div class=\"elementor-container elementor-column-gap-no\">\n\t\t\t\t\t<div class=\"elementor-column elementor-col-100 elementor-inner-column elementor-element elementor-element-5ee05881\" data-id=\"5ee05881\" data-element_type=\"column\">\n\t\t\t<div class=\"elementor-widget-wrap elementor-element-populated\">\n\t\t\t\t\t\t<div class=\"elementor-element elementor-element-6e65c732 elementor-widget elementor-widget-image\" data-id=\"6e65c732\" data-element_type=\"widget\" data-widget_type=\"image.default\">\n\t\t\t\t<div class=\"elementor-widget-container\">\n\t\t\t\t\t\t\t\t\t\t\t\t\t\t\t<img fetchpriority=\"high\" decoding=\"async\" width=\"2200\" height=\"965\" src=\"https:\/\/blueoceantaxconsulting.com\/wp-content\/uploads\/2023\/01\/013.jpg\" class=\"attachment-full size-full wp-image-821\" alt=\"\" srcset=\"https:\/\/blueoceantaxconsulting.com\/wp-content\/uploads\/2023\/01\/013.jpg 2200w, https:\/\/blueoceantaxconsulting.com\/wp-content\/uploads\/2023\/01\/013-300x132.jpg 300w, https:\/\/blueoceantaxconsulting.com\/wp-content\/uploads\/2023\/01\/013-1024x449.jpg 1024w, https:\/\/blueoceantaxconsulting.com\/wp-content\/uploads\/2023\/01\/013-768x337.jpg 768w, https:\/\/blueoceantaxconsulting.com\/wp-content\/uploads\/2023\/01\/013-1536x674.jpg 1536w, https:\/\/blueoceantaxconsulting.com\/wp-content\/uploads\/2023\/01\/013-2048x898.jpg 2048w, https:\/\/blueoceantaxconsulting.com\/wp-content\/uploads\/2023\/01\/013-18x8.jpg 18w\" sizes=\"(max-width: 2200px) 100vw, 2200px\" \/>\t\t\t\t\t\t\t\t\t\t\t\t\t\t\t<\/div>\n\t\t\t\t<\/div>\n\t\t\t\t\t<\/div>\n\t\t<\/div>\n\t\t\t\t\t<\/div>\n\t\t<\/section>\n\t\t\t\t<section class=\"elementor-section elementor-inner-section elementor-element elementor-element-4711b6 elementor-section-boxed elementor-section-height-default elementor-section-height-default\" data-id=\"4711b6\" data-element_type=\"section\">\n\t\t\t\t\t\t\t<div class=\"elementor-background-overlay\"><\/div>\n\t\t\t\t\t\t\t<div class=\"elementor-container elementor-column-gap-no\">\n\t\t\t\t\t<div class=\"elementor-column elementor-col-100 elementor-inner-column elementor-element elementor-element-e1724fc\" data-id=\"e1724fc\" data-element_type=\"column\">\n\t\t\t<div class=\"elementor-widget-wrap elementor-element-populated\">\n\t\t\t\t\t\t<div class=\"elementor-element elementor-element-6ac02f81 elementor-widget elementor-widget-text-editor\" data-id=\"6ac02f81\" data-element_type=\"widget\" data-widget_type=\"text-editor.default\">\n\t\t\t\t<div class=\"elementor-widget-container\">\n\t\t\t\t\t\t\t\t\t<p>At Blue Ocean we have worked hard to provide our clients with state-of-the-art financial advice, covering all the topics and objectives of our clients.<\/p><p>In addition to providing sensitive information, our financial advisories can be linked to financial reports to obtain a comprehensive analysis of your business finances.<\/p><p>Our clients can be sure of the excellence of our service, in addition to the trained personnel, we use some technologies so that the consultancy meets the proposed objectives.<\/p><p>We have created a methodology where we integrate all processes:<\/p><ul><li>Preliminary analysis<\/li><li>Diagnostics<\/li><li>Consulting design<\/li><li>Documentation<\/li><li>Reports<\/li><li>Follow-ups<\/li><\/ul><p>\u00a0<\/p><p>Supporting our clients with cutting-edge consulting and financial issues that are at the forefront.<\/p><p>The success of our service begins in the analysis phase, our experts are highly immersed in search processes, data collection, scrutiny and other techniques so that the information or data found are an accurate reflection of the problem to be solved.<\/p><p>Based on the analysis, our professionals are ready to design a personalized financial advisory, covering all the critical points found, agreeing on criteria so that the final stages have the information required for management decision making.<\/p>\t\t\t\t\t\t\t\t<\/div>\n\t\t\t\t<\/div>\n\t\t\t\t<div class=\"elementor-element elementor-element-b4d14a0 elementor-widget elementor-widget-button\" data-id=\"b4d14a0\" data-element_type=\"widget\" data-widget_type=\"button.default\">\n\t\t\t\t<div class=\"elementor-widget-container\">\n\t\t\t\t\t\t\t\t\t<div class=\"elementor-button-wrapper\">\n\t\t\t\t\t<a class=\"elementor-button elementor-button-link elementor-size-sm elementor-animation-grow\" href=\"https:\/\/blueoceantaxconsulting.com\/en\/contact\/\">\n\t\t\t\t\t\t<span class=\"elementor-button-content-wrapper\">\n\t\t\t\t\t\t\t\t\t<span class=\"elementor-button-text\">Request a consultation <\/span>\n\t\t\t\t\t<\/span>\n\t\t\t\t\t<\/a>\n\t\t\t\t<\/div>\n\t\t\t\t\t\t\t\t<\/div>\n\t\t\t\t<\/div>\n\t\t\t\t\t<\/div>\n\t\t<\/div>\n\t\t\t\t\t<\/div>\n\t\t<\/section>\n\t\t\t\t\t<\/div>\n\t\t<\/div>\n\t\t\t\t\t<\/div>\n\t\t<\/section>\n\t\t\t\t<\/div>","protected":false},"excerpt":{"rendered":"<p>Asesor\u00eda Financiera En Blue Ocean hemos trabajado arduamente para brindar a nuestros clientes asesor\u00edas financieras de vanguardia, abarcando todos los t\u00f3picos y objetivos de nuestros clientes. Nuestras asesor\u00edas financieras adem\u00e1s de brindar informaci\u00f3n sensible pueden conectarse con reportes financieros para obtener un an\u00e1lisis integral de las finanzas de su negocio. Nuestros clientes pueden estar seguros&#8230;<\/p>","protected":false},"author":3,"featured_media":0,"parent":0,"menu_order":0,"comment_status":"closed","ping_status":"closed","template":"elementor_header_footer","meta":{"footnotes":""},"class_list":["post-220","page","type-page","status-publish","hentry"],"_links":{"self":[{"href":"https:\/\/blueoceantaxconsulting.com\/en\/wp-json\/wp\/v2\/pages\/220","targetHints":{"allow":["GET"]}}],"collection":[{"href":"https:\/\/blueoceantaxconsulting.com\/en\/wp-json\/wp\/v2\/pages"}],"about":[{"href":"https:\/\/blueoceantaxconsulting.com\/en\/wp-json\/wp\/v2\/types\/page"}],"author":[{"embeddable":true,"href":"https:\/\/blueoceantaxconsulting.com\/en\/wp-json\/wp\/v2\/users\/3"}],"replies":[{"embeddable":true,"href":"https:\/\/blueoceantaxconsulting.com\/en\/wp-json\/wp\/v2\/comments?post=220"}],"version-history":[{"count":41,"href":"https:\/\/blueoceantaxconsulting.com\/en\/wp-json\/wp\/v2\/pages\/220\/revisions"}],"predecessor-version":[{"id":960,"href":"https:\/\/blueoceantaxconsulting.com\/en\/wp-json\/wp\/v2\/pages\/220\/revisions\/960"}],"wp:attachment":[{"href":"https:\/\/blueoceantaxconsulting.com\/en\/wp-json\/wp\/v2\/media?parent=220"}],"curies":[{"name":"wp","href":"https:\/\/api.w.org\/{rel}","templated":true}]}}