{"id":209,"date":"2023-01-04T20:53:35","date_gmt":"2023-01-04T20:53:35","guid":{"rendered":"https:\/\/blueoceantaxconsulting.com\/?page_id=209"},"modified":"2023-01-10T13:59:09","modified_gmt":"2023-01-10T13:59:09","slug":"consultoria-estrategica","status":"publish","type":"page","link":"https:\/\/blueoceantaxconsulting.com\/en\/strategic-consulting\/","title":{"rendered":"Strategic Consulting"},"content":{"rendered":"<div data-elementor-type=\"wp-page\" data-elementor-id=\"209\" class=\"elementor elementor-209\" data-elementor-post-type=\"page\">\n\t\t\t\t\t\t<section class=\"elementor-section elementor-top-section elementor-element elementor-element-4bd292ec elementor-section-full_width elementor-section-height-min-height elementor-section-height-default elementor-section-items-middle\" data-id=\"4bd292ec\" data-element_type=\"section\" data-settings=\"{&quot;background_background&quot;:&quot;classic&quot;,&quot;background_motion_fx_motion_fx_scrolling&quot;:&quot;yes&quot;,&quot;background_motion_fx_translateY_effect&quot;:&quot;yes&quot;,&quot;background_motion_fx_translateY_speed&quot;:{&quot;unit&quot;:&quot;px&quot;,&quot;size&quot;:3,&quot;sizes&quot;:[]},&quot;background_motion_fx_translateY_affectedRange&quot;:{&quot;unit&quot;:&quot;%&quot;,&quot;size&quot;:&quot;&quot;,&quot;sizes&quot;:{&quot;start&quot;:0,&quot;end&quot;:100}},&quot;background_motion_fx_devices&quot;:[&quot;desktop&quot;,&quot;laptop&quot;,&quot;tablet&quot;,&quot;mobile&quot;]}\">\n\t\t\t\t\t\t\t<div class=\"elementor-background-overlay\"><\/div>\n\t\t\t\t\t\t\t<div class=\"elementor-container elementor-column-gap-default\">\n\t\t\t\t\t<div class=\"elementor-column elementor-col-100 elementor-top-column elementor-element elementor-element-782b09bf\" data-id=\"782b09bf\" data-element_type=\"column\">\n\t\t\t<div class=\"elementor-widget-wrap elementor-element-populated\">\n\t\t\t\t\t\t<section class=\"elementor-section elementor-inner-section elementor-element elementor-element-5e0f84d7 elementor-section-height-min-height elementor-section-content-middle elementor-section-boxed elementor-section-height-default\" data-id=\"5e0f84d7\" data-element_type=\"section\">\n\t\t\t\t\t\t<div class=\"elementor-container elementor-column-gap-no\">\n\t\t\t\t\t<div class=\"elementor-column elementor-col-100 elementor-inner-column elementor-element elementor-element-486d1fc3\" data-id=\"486d1fc3\" data-element_type=\"column\">\n\t\t\t<div class=\"elementor-widget-wrap elementor-element-populated\">\n\t\t\t\t\t\t<div class=\"elementor-element elementor-element-6a2b9d38 elementor-widget elementor-widget-heading\" data-id=\"6a2b9d38\" data-element_type=\"widget\" data-widget_type=\"heading.default\">\n\t\t\t\t<div class=\"elementor-widget-container\">\n\t\t\t\t\t<h1 class=\"elementor-heading-title elementor-size-default\">Strategic Consulting<\/h1>\t\t\t\t<\/div>\n\t\t\t\t<\/div>\n\t\t\t\t\t<\/div>\n\t\t<\/div>\n\t\t\t\t\t<\/div>\n\t\t<\/section>\n\t\t\t\t\t<\/div>\n\t\t<\/div>\n\t\t\t\t\t<\/div>\n\t\t<\/section>\n\t\t\t\t<section class=\"elementor-section elementor-top-section elementor-element elementor-element-231df4ed elementor-section-boxed elementor-section-height-default elementor-section-height-default\" data-id=\"231df4ed\" data-element_type=\"section\" data-settings=\"{&quot;background_background&quot;:&quot;classic&quot;}\">\n\t\t\t\t\t\t<div class=\"elementor-container elementor-column-gap-no\">\n\t\t\t\t\t<div class=\"elementor-column elementor-col-100 elementor-top-column elementor-element elementor-element-645dec76\" data-id=\"645dec76\" data-element_type=\"column\">\n\t\t\t<div class=\"elementor-widget-wrap elementor-element-populated\">\n\t\t\t\t\t\t<div class=\"elementor-element elementor-element-6e65c732 elementor-widget elementor-widget-image\" data-id=\"6e65c732\" data-element_type=\"widget\" data-widget_type=\"image.default\">\n\t\t\t\t<div class=\"elementor-widget-container\">\n\t\t\t\t\t\t\t\t\t\t\t\t\t\t\t<img fetchpriority=\"high\" decoding=\"async\" width=\"2200\" height=\"965\" src=\"https:\/\/blueoceantaxconsulting.com\/wp-content\/uploads\/2023\/01\/010.jpg\" class=\"attachment-full size-full wp-image-790\" alt=\"\" srcset=\"https:\/\/blueoceantaxconsulting.com\/wp-content\/uploads\/2023\/01\/010.jpg 2200w, https:\/\/blueoceantaxconsulting.com\/wp-content\/uploads\/2023\/01\/010-300x132.jpg 300w, https:\/\/blueoceantaxconsulting.com\/wp-content\/uploads\/2023\/01\/010-1024x449.jpg 1024w, https:\/\/blueoceantaxconsulting.com\/wp-content\/uploads\/2023\/01\/010-768x337.jpg 768w, https:\/\/blueoceantaxconsulting.com\/wp-content\/uploads\/2023\/01\/010-1536x674.jpg 1536w, https:\/\/blueoceantaxconsulting.com\/wp-content\/uploads\/2023\/01\/010-2048x898.jpg 2048w, https:\/\/blueoceantaxconsulting.com\/wp-content\/uploads\/2023\/01\/010-18x8.jpg 18w\" sizes=\"(max-width: 2200px) 100vw, 2200px\" \/>\t\t\t\t\t\t\t\t\t\t\t\t\t\t\t<\/div>\n\t\t\t\t<\/div>\n\t\t\t\t<section class=\"elementor-section elementor-inner-section elementor-element elementor-element-4711b6 elementor-section-boxed elementor-section-height-default elementor-section-height-default\" data-id=\"4711b6\" data-element_type=\"section\">\n\t\t\t\t\t\t<div class=\"elementor-container elementor-column-gap-no\">\n\t\t\t\t\t<div class=\"elementor-column elementor-col-100 elementor-inner-column elementor-element elementor-element-e1724fc\" data-id=\"e1724fc\" data-element_type=\"column\">\n\t\t\t<div class=\"elementor-widget-wrap elementor-element-populated\">\n\t\t\t\t\t\t<div class=\"elementor-element elementor-element-6ac02f81 elementor-widget elementor-widget-text-editor\" data-id=\"6ac02f81\" data-element_type=\"widget\" data-widget_type=\"text-editor.default\">\n\t\t\t\t<div class=\"elementor-widget-container\">\n\t\t\t\t\t\t\t\t\t<p>At Blue Ocean our consulting services have become a competitive requirement for our clients as it has allowed them to consolidate their businesses or expand them beyond our borders.<\/p><p>Our consultancies are focused on providing value-added solutions for better decision making, collaborating together so that professionals have more controlled scenarios and can develop their full potential based on their knowledge.<\/p><p>Our main objective is to deliver valuable information so that our clients can take their business to the next level, through guided processes that mitigate inducements to error.<\/p><p>Blue Ocean puts at your disposal a whole team of experts specialized in empowering, redesigning and optimizing efficiently all the processes of your business, we work based on your business objectives, looking for the best benefit.<\/p><p><strong>Track record.<\/strong><\/p><p>Our extensive knowledge has allowed our clients to have competitive businesses, with optimized processes and improved service times, now executing more operations in less time.<\/p><p><strong>Results.<\/strong><\/p><p>All companies are different and look for different results, we adapt to each structure so that the results are as expected or exceeded.<\/p><p><strong>Delivery <\/strong><\/p><p>Our commitment has allowed the delivery of hundreds of high-end projects, meeting the established deadlines and the planned quality of each project.<\/p><p><strong>Continuous improvement<\/strong><\/p><p>An informed business is at the forefront, our team is in constant training so that our clients receive consultancy with new trends and regulations.<\/p>\t\t\t\t\t\t\t\t<\/div>\n\t\t\t\t<\/div>\n\t\t\t\t\t<\/div>\n\t\t<\/div>\n\t\t\t\t\t<\/div>\n\t\t<\/section>\n\t\t\t\t\t<\/div>\n\t\t<\/div>\n\t\t\t\t\t<\/div>\n\t\t<\/section>\n\t\t\t\t<section class=\"elementor-section elementor-top-section elementor-element elementor-element-779bfaf4 elementor-section-boxed elementor-section-height-default elementor-section-height-default\" data-id=\"779bfaf4\" data-element_type=\"section\" data-settings=\"{&quot;background_background&quot;:&quot;classic&quot;}\">\n\t\t\t\t\t\t<div class=\"elementor-container elementor-column-gap-no\">\n\t\t\t\t\t<div class=\"elementor-column elementor-col-100 elementor-top-column elementor-element elementor-element-2ae6714d\" data-id=\"2ae6714d\" data-element_type=\"column\">\n\t\t\t<div class=\"elementor-widget-wrap elementor-element-populated\">\n\t\t\t\t\t\t<section class=\"elementor-section elementor-inner-section elementor-element elementor-element-70555e40 elementor-section-boxed elementor-section-height-default elementor-section-height-default\" data-id=\"70555e40\" data-element_type=\"section\">\n\t\t\t\t\t\t<div class=\"elementor-container elementor-column-gap-no\">\n\t\t\t\t\t<div class=\"elementor-column elementor-col-50 elementor-inner-column elementor-element elementor-element-11c2ad1\" data-id=\"11c2ad1\" data-element_type=\"column\">\n\t\t\t<div class=\"elementor-widget-wrap elementor-element-populated\">\n\t\t\t\t\t\t<div class=\"elementor-element elementor-element-19062a88 elementor-invisible elementor-widget elementor-widget-image\" data-id=\"19062a88\" data-element_type=\"widget\" data-settings=\"{&quot;_animation&quot;:&quot;fadeInLeft&quot;}\" data-widget_type=\"image.default\">\n\t\t\t\t<div class=\"elementor-widget-container\">\n\t\t\t\t\t\t\t\t\t\t\t\t\t\t\t<img decoding=\"async\" width=\"1200\" height=\"1200\" src=\"https:\/\/blueoceantaxconsulting.com\/wp-content\/uploads\/2023\/01\/009.jpg\" class=\"attachment-full size-full wp-image-789\" alt=\"\" srcset=\"https:\/\/blueoceantaxconsulting.com\/wp-content\/uploads\/2023\/01\/009.jpg 1200w, https:\/\/blueoceantaxconsulting.com\/wp-content\/uploads\/2023\/01\/009-300x300.jpg 300w, https:\/\/blueoceantaxconsulting.com\/wp-content\/uploads\/2023\/01\/009-1024x1024.jpg 1024w, https:\/\/blueoceantaxconsulting.com\/wp-content\/uploads\/2023\/01\/009-150x150.jpg 150w, https:\/\/blueoceantaxconsulting.com\/wp-content\/uploads\/2023\/01\/009-768x768.jpg 768w, https:\/\/blueoceantaxconsulting.com\/wp-content\/uploads\/2023\/01\/009-12x12.jpg 12w\" sizes=\"(max-width: 1200px) 100vw, 1200px\" \/>\t\t\t\t\t\t\t\t\t\t\t\t\t\t\t<\/div>\n\t\t\t\t<\/div>\n\t\t\t\t\t<\/div>\n\t\t<\/div>\n\t\t\t\t<div class=\"elementor-column elementor-col-50 elementor-inner-column elementor-element elementor-element-24053574\" data-id=\"24053574\" data-element_type=\"column\">\n\t\t\t<div class=\"elementor-widget-wrap elementor-element-populated\">\n\t\t\t\t\t\t<div class=\"elementor-element elementor-element-7338a58 elementor-widget elementor-widget-heading\" data-id=\"7338a58\" data-element_type=\"widget\" data-widget_type=\"heading.default\">\n\t\t\t\t<div class=\"elementor-widget-container\">\n\t\t\t\t\t<h2 class=\"elementor-heading-title elementor-size-default\">At Blue Ocean we listen to all parties involved.<\/h2>\t\t\t\t<\/div>\n\t\t\t\t<\/div>\n\t\t\t\t<div class=\"elementor-element elementor-element-5238a1db elementor-widget elementor-widget-text-editor\" data-id=\"5238a1db\" data-element_type=\"widget\" data-widget_type=\"text-editor.default\">\n\t\t\t\t<div class=\"elementor-widget-container\">\n\t\t\t\t\t\t\t\t\t<p>While it is true that we have trained personnel in each area, it is a priority that within a project, the planning is carried out with all the areas involved, in order to have a strategic, objective and solid plan.<\/p><p>For Blue Ocean it is crucial to have a thorough knowledge of the company, its interests, objectives, regulations, plans and other documentation that will give us a broad overview of the structure, in order to assertively form work groups.<\/p><p>We will develop for your company the consultancy that best fits the estimated projections, this is not easy, however, our team has the necessary training so that your action plan, project or decision making has documented support.<\/p>\t\t\t\t\t\t\t\t<\/div>\n\t\t\t\t<\/div>\n\t\t\t\t<div class=\"elementor-element elementor-element-75169ab elementor-widget elementor-widget-button\" data-id=\"75169ab\" data-element_type=\"widget\" data-widget_type=\"button.default\">\n\t\t\t\t<div class=\"elementor-widget-container\">\n\t\t\t\t\t\t\t\t\t<div class=\"elementor-button-wrapper\">\n\t\t\t\t\t<a class=\"elementor-button elementor-button-link elementor-size-sm elementor-animation-grow\" href=\"https:\/\/blueoceantaxconsulting.com\/en\/contact\/\">\n\t\t\t\t\t\t<span class=\"elementor-button-content-wrapper\">\n\t\t\t\t\t\t\t\t\t<span class=\"elementor-button-text\">Request a consultation <\/span>\n\t\t\t\t\t<\/span>\n\t\t\t\t\t<\/a>\n\t\t\t\t<\/div>\n\t\t\t\t\t\t\t\t<\/div>\n\t\t\t\t<\/div>\n\t\t\t\t\t<\/div>\n\t\t<\/div>\n\t\t\t\t\t<\/div>\n\t\t<\/section>\n\t\t\t\t\t<\/div>\n\t\t<\/div>\n\t\t\t\t\t<\/div>\n\t\t<\/section>\n\t\t\t\t<\/div>","protected":false},"excerpt":{"rendered":"<p>Consultor\u00eda Estrat\u00e9gica En Blue Ocean nuestros servicios de consultor\u00edas se han vuelto un requerimiento competitivo para nuestros clientes ya que les ha permitido consolidar sus negocios o expandirlos fuera de nuestras fronteras. Nuestras consultor\u00edas est\u00e1n enfocadas en brindar soluciones de valor agregado para la mejor toma de decisiones, colaborando de manera conjunta para que los&#8230;<\/p>","protected":false},"author":3,"featured_media":0,"parent":0,"menu_order":0,"comment_status":"closed","ping_status":"closed","template":"elementor_header_footer","meta":{"footnotes":""},"class_list":["post-209","page","type-page","status-publish","hentry"],"_links":{"self":[{"href":"https:\/\/blueoceantaxconsulting.com\/en\/wp-json\/wp\/v2\/pages\/209","targetHints":{"allow":["GET"]}}],"collection":[{"href":"https:\/\/blueoceantaxconsulting.com\/en\/wp-json\/wp\/v2\/pages"}],"about":[{"href":"https:\/\/blueoceantaxconsulting.com\/en\/wp-json\/wp\/v2\/types\/page"}],"author":[{"embeddable":true,"href":"https:\/\/blueoceantaxconsulting.com\/en\/wp-json\/wp\/v2\/users\/3"}],"replies":[{"embeddable":true,"href":"https:\/\/blueoceantaxconsulting.com\/en\/wp-json\/wp\/v2\/comments?post=209"}],"version-history":[{"count":26,"href":"https:\/\/blueoceantaxconsulting.com\/en\/wp-json\/wp\/v2\/pages\/209\/revisions"}],"predecessor-version":[{"id":951,"href":"https:\/\/blueoceantaxconsulting.com\/en\/wp-json\/wp\/v2\/pages\/209\/revisions\/951"}],"wp:attachment":[{"href":"https:\/\/blueoceantaxconsulting.com\/en\/wp-json\/wp\/v2\/media?parent=209"}],"curies":[{"name":"wp","href":"https:\/\/api.w.org\/{rel}","templated":true}]}}