{"id":1007,"date":"2024-09-20T21:28:17","date_gmt":"2024-09-20T21:28:17","guid":{"rendered":"https:\/\/blueoceantaxconsulting.com\/?page_id=1007"},"modified":"2024-09-20T21:29:06","modified_gmt":"2024-09-20T21:29:06","slug":"traducciones","status":"publish","type":"page","link":"https:\/\/blueoceantaxconsulting.com\/en\/traducciones\/","title":{"rendered":"Traducciones"},"content":{"rendered":"<div data-elementor-type=\"wp-page\" data-elementor-id=\"1007\" class=\"elementor elementor-1007\" data-elementor-post-type=\"page\">\n\t\t\t\t\t\t<section class=\"elementor-section elementor-top-section elementor-element elementor-element-327af98 elementor-section-boxed elementor-section-height-default elementor-section-height-default\" data-id=\"327af98\" data-element_type=\"section\">\n\t\t\t\t\t\t<div class=\"elementor-container elementor-column-gap-default\">\n\t\t\t\t\t<div class=\"elementor-column elementor-col-100 elementor-top-column elementor-element elementor-element-e03f73a\" data-id=\"e03f73a\" data-element_type=\"column\">\n\t\t\t<div class=\"elementor-widget-wrap elementor-element-populated\">\n\t\t\t\t\t\t<div class=\"elementor-element elementor-element-1f35ef5 elementor-widget elementor-widget-html\" data-id=\"1f35ef5\" data-element_type=\"widget\" data-widget_type=\"html.default\">\n\t\t\t\t<div class=\"elementor-widget-container\">\n\t\t\t\t\t    <table style=\"width: 700px; border: 1px solid #c0c0c0; padding:0px; font-family:Arial, Helvetica, sans-serif; background-color: #ffffff; color: #5e5c5c;\" >\r\n        <tr style=\"text-align: center;\">\r\n            <td style=\"text-align: center; padding: 20px; background-color: black;\">\r\n               <img decoding=\"async\" width=\"350px\" src=\"https:\/\/blueoceantaxconsulting.com\/wp-content\/uploads\/2023\/01\/Blue-Ocean-Logo-02.png\">\r\n            <\/td>\r\n        <\/tr>\r\n\r\n        <tr>\r\n            <td style=\"padding: 40px;\">\r\n                <h2 style=\"text-align: center;\">Thank you for contacting us and for your interest in our services.<\/h2>\r\n                <p>We are pleased that you are interested in Blue Ocean, a Costa Rican company composed by a team of professionals dedicated to offer innovative solutions in business management and strategic consulting. We specialize in the following areas:<\/p>\r\n                <p>Business Strategy <br>\r\n                    Finance<br>\r\n                    Projects<br>\r\n                    Financial Legislation<br>\r\n                <\/p>\r\n                <p>Our commitment is to provide customized solutions that are tailored to the specific needs of each client, helping them to successfully achieve their business goals.<\/p>\r\n                <p>One of our agents will contact you as soon as possible.<\/p>\r\n            <\/td>\r\n        <\/tr>\r\n    <\/table>\t\t\t\t<\/div>\n\t\t\t\t<\/div>\n\t\t\t\t<div class=\"elementor-element elementor-element-61d0d10 elementor-widget elementor-widget-html\" data-id=\"61d0d10\" data-element_type=\"widget\" data-widget_type=\"html.default\">\n\t\t\t\t<div class=\"elementor-widget-container\">\n\t\t\t\t\tNew message from blueocean.co.cr\t\t\t\t<\/div>\n\t\t\t\t<\/div>\n\t\t\t\t\t<\/div>\n\t\t<\/div>\n\t\t\t\t\t<\/div>\n\t\t<\/section>\n\t\t\t\t<\/div>","protected":false},"excerpt":{"rendered":"<p>Gracias por contactarnos y por su inter\u00e9s en nuestros servicios. Nos complace que est\u00e9 interesado en Blue Ocean, una empresa costarricense compuesta por un equipo de profesionales dedicados a ofrecer soluciones innovadoras en gesti\u00f3n empresarial y asesor\u00edas estrat\u00e9gicas. Nos especializamos en los siguientes \u00e1mbitos: Estrategia Empresarial Finanzas Proyectos Legislaci\u00f3n Financiera Nuestro compromiso es brindar soluciones&#8230;<\/p>","protected":false},"author":8,"featured_media":0,"parent":0,"menu_order":0,"comment_status":"closed","ping_status":"closed","template":"","meta":{"footnotes":""},"class_list":["post-1007","page","type-page","status-publish","hentry"],"_links":{"self":[{"href":"https:\/\/blueoceantaxconsulting.com\/en\/wp-json\/wp\/v2\/pages\/1007","targetHints":{"allow":["GET"]}}],"collection":[{"href":"https:\/\/blueoceantaxconsulting.com\/en\/wp-json\/wp\/v2\/pages"}],"about":[{"href":"https:\/\/blueoceantaxconsulting.com\/en\/wp-json\/wp\/v2\/types\/page"}],"author":[{"embeddable":true,"href":"https:\/\/blueoceantaxconsulting.com\/en\/wp-json\/wp\/v2\/users\/8"}],"replies":[{"embeddable":true,"href":"https:\/\/blueoceantaxconsulting.com\/en\/wp-json\/wp\/v2\/comments?post=1007"}],"version-history":[{"count":4,"href":"https:\/\/blueoceantaxconsulting.com\/en\/wp-json\/wp\/v2\/pages\/1007\/revisions"}],"predecessor-version":[{"id":1011,"href":"https:\/\/blueoceantaxconsulting.com\/en\/wp-json\/wp\/v2\/pages\/1007\/revisions\/1011"}],"wp:attachment":[{"href":"https:\/\/blueoceantaxconsulting.com\/en\/wp-json\/wp\/v2\/media?parent=1007"}],"curies":[{"name":"wp","href":"https:\/\/api.w.org\/{rel}","templated":true}]}}